{"id":5820,"date":"2023-04-07T15:53:03","date_gmt":"2023-04-07T15:53:03","guid":{"rendered":"https:\/\/angry-meitner.83-169-39-68.plesk.page\/?post_type=product&#038;p=5820"},"modified":"2023-04-08T16:41:18","modified_gmt":"2023-04-08T16:41:18","slug":"kex-sjokolade-mini","status":"publish","type":"product","link":"https:\/\/angry-meitner.83-169-39-68.plesk.page\/index.php\/produkt\/kex-sjokolade-mini\/","title":{"rendered":"Kex sjokolade mini"},"content":{"rendered":"<p>Innhold<br \/>\nSocker, vetemj\u00f6l, vegetabilsika fetter\/oljor (palm, shea, kokos), skummj\u00f6lkspulver, kakaosm\u00f6r, vasslepulver (mj\u00f6lk), helmj\u00f6lkspulver, kakaomassa, fettreducerat kakaopulver, emulgeringsmedel (sojalecitin), salt, bakpulver, natriumbikarbonat, aromer (bl.a. vanillin). Mj\u00f6lkchokladen inneh\u00e5ller f\u00f6rutom kakaosm\u00f6r \u00e4ven annat vegetebiliskt fett och minst 25% kakao.<\/p>\n","protected":false},"excerpt":{"rendered":"<p>Pris pr 50 gr<\/p>\n","protected":false},"featured_media":5821,"template":"","meta":[],"product_cat":[34,71],"product_tag":[],"class_list":["post-5820","product","type-product","status-publish","has-post-thumbnail","hentry","product_cat-losvekt-godteri","product_cat-sott"],"yoast_head":"<!-- This site is optimized with the Yoast SEO plugin v20.5 - https:\/\/yoast.com\/wordpress\/plugins\/seo\/ -->\n<title>Kex sjokolade mini - Godterihuset.no<\/title>\n<meta name=\"robots\" content=\"noindex, follow, max-snippet:-1, max-image-preview:large, max-video-preview:-1\" \/>\n<meta property=\"og:locale\" content=\"nb_NO\" \/>\n<meta property=\"og:type\" content=\"article\" \/>\n<meta property=\"og:title\" content=\"Kex sjokolade mini - Godterihuset.no\" \/>\n<meta property=\"og:description\" content=\"Pris pr 50 gr\" \/>\n<meta property=\"og:url\" content=\"https:\/\/angry-meitner.83-169-39-68.plesk.page\/index.php\/produkt\/kex-sjokolade-mini\/\" \/>\n<meta property=\"og:site_name\" content=\"Godterihuset.no\" \/>\n<meta property=\"article:modified_time\" content=\"2023-04-08T16:41:18+00:00\" \/>\n<meta property=\"og:image\" content=\"https:\/\/angry-meitner.83-169-39-68.plesk.page\/wp-content\/uploads\/2023\/04\/CLO2797v2.jpg\" \/>\n\t<meta property=\"og:image:width\" content=\"500\" \/>\n\t<meta property=\"og:image:height\" content=\"500\" \/>\n\t<meta property=\"og:image:type\" content=\"image\/jpeg\" \/>\n<meta name=\"twitter:card\" content=\"summary_large_image\" \/>\n<meta name=\"twitter:label1\" content=\"Ansl. lesetid\" \/>\n\t<meta name=\"twitter:data1\" content=\"1 minutt\" \/>\n<script type=\"application\/ld+json\" class=\"yoast-schema-graph\">{\"@context\":\"https:\/\/schema.org\",\"@graph\":[{\"@type\":\"WebPage\",\"@id\":\"https:\/\/angry-meitner.83-169-39-68.plesk.page\/index.php\/produkt\/kex-sjokolade-mini\/\",\"url\":\"https:\/\/angry-meitner.83-169-39-68.plesk.page\/index.php\/produkt\/kex-sjokolade-mini\/\",\"name\":\"Kex sjokolade mini - Godterihuset.no\",\"isPartOf\":{\"@id\":\"https:\/\/angry-meitner.83-169-39-68.plesk.page\/#website\"},\"datePublished\":\"2023-04-07T15:53:03+00:00\",\"dateModified\":\"2023-04-08T16:41:18+00:00\",\"breadcrumb\":{\"@id\":\"https:\/\/angry-meitner.83-169-39-68.plesk.page\/index.php\/produkt\/kex-sjokolade-mini\/#breadcrumb\"},\"inLanguage\":\"nb-NO\",\"potentialAction\":[{\"@type\":\"ReadAction\",\"target\":[\"https:\/\/angry-meitner.83-169-39-68.plesk.page\/index.php\/produkt\/kex-sjokolade-mini\/\"]}]},{\"@type\":\"BreadcrumbList\",\"@id\":\"https:\/\/angry-meitner.83-169-39-68.plesk.page\/index.php\/produkt\/kex-sjokolade-mini\/#breadcrumb\",\"itemListElement\":[{\"@type\":\"ListItem\",\"position\":1,\"name\":\"Hjem\",\"item\":\"https:\/\/angry-meitner.83-169-39-68.plesk.page\/\"},{\"@type\":\"ListItem\",\"position\":2,\"name\":\"Butikk\",\"item\":\"https:\/\/angry-meitner.83-169-39-68.plesk.page\/index.php\/butikk\/\"},{\"@type\":\"ListItem\",\"position\":3,\"name\":\"Kex sjokolade mini\"}]},{\"@type\":\"WebSite\",\"@id\":\"https:\/\/angry-meitner.83-169-39-68.plesk.page\/#website\",\"url\":\"https:\/\/angry-meitner.83-169-39-68.plesk.page\/\",\"name\":\"Godterihuset.no\",\"description\":\"\",\"potentialAction\":[{\"@type\":\"SearchAction\",\"target\":{\"@type\":\"EntryPoint\",\"urlTemplate\":\"https:\/\/angry-meitner.83-169-39-68.plesk.page\/?s={search_term_string}\"},\"query-input\":\"required name=search_term_string\"}],\"inLanguage\":\"nb-NO\"}]}<\/script>\n<!-- \/ Yoast SEO plugin. -->","yoast_head_json":{"title":"Kex sjokolade mini - Godterihuset.no","robots":{"index":"noindex","follow":"follow","max-snippet":"max-snippet:-1","max-image-preview":"max-image-preview:large","max-video-preview":"max-video-preview:-1"},"og_locale":"nb_NO","og_type":"article","og_title":"Kex sjokolade mini - Godterihuset.no","og_description":"Pris pr 50 gr","og_url":"https:\/\/angry-meitner.83-169-39-68.plesk.page\/index.php\/produkt\/kex-sjokolade-mini\/","og_site_name":"Godterihuset.no","article_modified_time":"2023-04-08T16:41:18+00:00","og_image":[{"width":500,"height":500,"url":"https:\/\/angry-meitner.83-169-39-68.plesk.page\/wp-content\/uploads\/2023\/04\/CLO2797v2.jpg","type":"image\/jpeg"}],"twitter_card":"summary_large_image","twitter_misc":{"Ansl. lesetid":"1 minutt"},"schema":{"@context":"https:\/\/schema.org","@graph":[{"@type":"WebPage","@id":"https:\/\/angry-meitner.83-169-39-68.plesk.page\/index.php\/produkt\/kex-sjokolade-mini\/","url":"https:\/\/angry-meitner.83-169-39-68.plesk.page\/index.php\/produkt\/kex-sjokolade-mini\/","name":"Kex sjokolade mini - Godterihuset.no","isPartOf":{"@id":"https:\/\/angry-meitner.83-169-39-68.plesk.page\/#website"},"datePublished":"2023-04-07T15:53:03+00:00","dateModified":"2023-04-08T16:41:18+00:00","breadcrumb":{"@id":"https:\/\/angry-meitner.83-169-39-68.plesk.page\/index.php\/produkt\/kex-sjokolade-mini\/#breadcrumb"},"inLanguage":"nb-NO","potentialAction":[{"@type":"ReadAction","target":["https:\/\/angry-meitner.83-169-39-68.plesk.page\/index.php\/produkt\/kex-sjokolade-mini\/"]}]},{"@type":"BreadcrumbList","@id":"https:\/\/angry-meitner.83-169-39-68.plesk.page\/index.php\/produkt\/kex-sjokolade-mini\/#breadcrumb","itemListElement":[{"@type":"ListItem","position":1,"name":"Hjem","item":"https:\/\/angry-meitner.83-169-39-68.plesk.page\/"},{"@type":"ListItem","position":2,"name":"Butikk","item":"https:\/\/angry-meitner.83-169-39-68.plesk.page\/index.php\/butikk\/"},{"@type":"ListItem","position":3,"name":"Kex sjokolade mini"}]},{"@type":"WebSite","@id":"https:\/\/angry-meitner.83-169-39-68.plesk.page\/#website","url":"https:\/\/angry-meitner.83-169-39-68.plesk.page\/","name":"Godterihuset.no","description":"","potentialAction":[{"@type":"SearchAction","target":{"@type":"EntryPoint","urlTemplate":"https:\/\/angry-meitner.83-169-39-68.plesk.page\/?s={search_term_string}"},"query-input":"required name=search_term_string"}],"inLanguage":"nb-NO"}]}},"_links":{"self":[{"href":"https:\/\/angry-meitner.83-169-39-68.plesk.page\/index.php\/wp-json\/wp\/v3\/product\/5820","targetHints":{"allow":["GET"]}}],"collection":[{"href":"https:\/\/angry-meitner.83-169-39-68.plesk.page\/index.php\/wp-json\/wp\/v3\/product"}],"about":[{"href":"https:\/\/angry-meitner.83-169-39-68.plesk.page\/index.php\/wp-json\/wp\/v2\/types\/product"}],"wp:featuredmedia":[{"embeddable":true,"href":"https:\/\/angry-meitner.83-169-39-68.plesk.page\/index.php\/wp-json\/wp\/v2\/media\/5821"}],"wp:attachment":[{"href":"https:\/\/angry-meitner.83-169-39-68.plesk.page\/index.php\/wp-json\/wp\/v2\/media?parent=5820"}],"wp:term":[{"taxonomy":"product_cat","embeddable":true,"href":"https:\/\/angry-meitner.83-169-39-68.plesk.page\/index.php\/wp-json\/wp\/v2\/product_cat?post=5820"},{"taxonomy":"product_tag","embeddable":true,"href":"https:\/\/angry-meitner.83-169-39-68.plesk.page\/index.php\/wp-json\/wp\/v2\/product_tag?post=5820"}],"curies":[{"name":"wp","href":"https:\/\/api.w.org\/{rel}","templated":true}]}}