{"id":1270,"date":"2021-08-12T23:14:41","date_gmt":"2021-08-12T23:14:41","guid":{"rendered":"https:\/\/baker.la-studioweb.com\/?page_id=1270"},"modified":"2023-04-07T17:18:36","modified_gmt":"2023-04-07T17:18:36","slug":"kontakt-oss","status":"publish","type":"page","link":"https:\/\/angry-meitner.83-169-39-68.plesk.page\/index.php\/kontakt-oss\/","title":{"rendered":"Kontakt oss"},"content":{"rendered":"\t\t<div data-elementor-type=\"wp-page\" data-elementor-id=\"1270\" class=\"elementor elementor-1270\">\n\t\t\t\t\t\t\t\t\t<section class=\"elementor-section elementor-top-section elementor-element elementor-element-6276bc6 elementor-section-boxed elementor-section-height-default elementor-section-height-default\" data-id=\"6276bc6\" data-element_type=\"section\" data-settings=\"{&quot;background_background&quot;:&quot;classic&quot;,&quot;background_motion_fx_motion_fx_scrolling&quot;:&quot;yes&quot;,&quot;background_motion_fx_translateY_effect&quot;:&quot;yes&quot;,&quot;background_motion_fx_translateY_speed&quot;:{&quot;unit&quot;:&quot;px&quot;,&quot;size&quot;:4,&quot;sizes&quot;:[]},&quot;background_motion_fx_translateY_affectedRange&quot;:{&quot;unit&quot;:&quot;%&quot;,&quot;size&quot;:&quot;&quot;,&quot;sizes&quot;:{&quot;start&quot;:0,&quot;end&quot;:100}},&quot;background_motion_fx_devices&quot;:[&quot;desktop&quot;,&quot;laptop&quot;,&quot;tablet&quot;,&quot;mobile_extra&quot;,&quot;mobile&quot;]}\">\n\t\t\t\t\t\t\t<div class=\"elementor-background-overlay\"><\/div>\n\t\t\t\t\t\t\t<div class=\"elementor-container elementor-column-gap-no\">\n\t\t\t\t\t<div class=\"elementor-column elementor-col-100 elementor-top-column elementor-element elementor-element-956ae32 lakit-col-width-auto-no\" data-id=\"956ae32\" data-element_type=\"column\">\n\t\t\t<div class=\"elementor-widget-wrap elementor-element-populated\">\n\t\t\t\t\t\t\t\t<div class=\"elementor-element elementor-element-f003b52 elementor-widget elementor-widget-heading\" data-id=\"f003b52\" data-element_type=\"widget\" data-widget_type=\"heading.default\">\n\t\t\t\t<div class=\"elementor-widget-container\">\n\t\t\t<style>\/*! elementor - v3.12.1 - 02-04-2023 *\/\n.elementor-heading-title{padding:0;margin:0;line-height:1}.elementor-widget-heading .elementor-heading-title[class*=elementor-size-]>a{color:inherit;font-size:inherit;line-height:inherit}.elementor-widget-heading .elementor-heading-title.elementor-size-small{font-size:15px}.elementor-widget-heading .elementor-heading-title.elementor-size-medium{font-size:19px}.elementor-widget-heading .elementor-heading-title.elementor-size-large{font-size:29px}.elementor-widget-heading .elementor-heading-title.elementor-size-xl{font-size:39px}.elementor-widget-heading .elementor-heading-title.elementor-size-xxl{font-size:59px}<\/style><h2 class=\"elementor-heading-title elementor-size-default\">Kontakt oss<\/h2>\t\t<\/div>\n\t\t\t\t<\/div>\n\t\t\t\t<div class=\"elementor-element elementor-element-1187936 lakit-breadcrumbs-align-center elementor-widget lastudio-kit elementor-lakit-breadcrumbs\" data-id=\"1187936\" data-element_type=\"widget\" data-widget_type=\"lakit-breadcrumbs.default\">\n\t\t\t\t<div class=\"elementor-widget-container\">\n\t\t\t<style>.lakit-breadcrumbs{display:flex;flex-direction:column}.lakit-breadcrumbs-page-title-yes.lakit-breadcrumbs-align-justify .lakit-breadcrumbs{flex-direction:row;justify-content:space-between;align-items:center}.lakit-breadcrumbs-page-title-yes.lakit-breadcrumbs-align-justify .lakit-breadcrumbs__content,.lakit-breadcrumbs-page-title-yes.lakit-breadcrumbs-align-justify .lakit-breadcrumbs__title{flex-grow:0}@media (max-width:1024px){.lakit-breadcrumbs-page-title-yes.lakit-breadcrumbs-align-tablet-justify .lakit-breadcrumbs{flex-direction:row;justify-content:space-between;align-items:center}.lakit-breadcrumbs-page-title-yes.lakit-breadcrumbs-align-tablet-justify .lakit-breadcrumbs__content,.lakit-breadcrumbs-page-title-yes.lakit-breadcrumbs-align-tablet-justify .lakit-breadcrumbs__title{flex-grow:0}.lakit-breadcrumbs-page-title-yes.lakit-breadcrumbs-align-tablet-center .lakit-breadcrumbs,.lakit-breadcrumbs-page-title-yes.lakit-breadcrumbs-align-tablet-left .lakit-breadcrumbs,.lakit-breadcrumbs-page-title-yes.lakit-breadcrumbs-align-tablet-right .lakit-breadcrumbs{flex-direction:column;justify-content:flex-start;align-items:stretch}.lakit-breadcrumbs-page-title-yes.lakit-breadcrumbs-align-tablet-center .lakit-breadcrumbs__content,.lakit-breadcrumbs-page-title-yes.lakit-breadcrumbs-align-tablet-center .lakit-breadcrumbs__title,.lakit-breadcrumbs-page-title-yes.lakit-breadcrumbs-align-tablet-left .lakit-breadcrumbs__content,.lakit-breadcrumbs-page-title-yes.lakit-breadcrumbs-align-tablet-left .lakit-breadcrumbs__title,.lakit-breadcrumbs-page-title-yes.lakit-breadcrumbs-align-tablet-right .lakit-breadcrumbs__content,.lakit-breadcrumbs-page-title-yes.lakit-breadcrumbs-align-tablet-right .lakit-breadcrumbs__title{flex-grow:1}}@media (max-width:767px){.lakit-breadcrumbs-page-title-yes.lakit-breadcrumbs-align-mobile-justify .lakit-breadcrumbs{flex-direction:row;justify-content:space-between;align-items:center}.lakit-breadcrumbs-page-title-yes.lakit-breadcrumbs-align-mobile-justify .lakit-breadcrumbs__content,.lakit-breadcrumbs-page-title-yes.lakit-breadcrumbs-align-mobile-justify .lakit-breadcrumbs__title{flex-grow:0}.lakit-breadcrumbs-page-title-yes.lakit-breadcrumbs-align-mobile-center .lakit-breadcrumbs,.lakit-breadcrumbs-page-title-yes.lakit-breadcrumbs-align-mobile-left .lakit-breadcrumbs,.lakit-breadcrumbs-page-title-yes.lakit-breadcrumbs-align-mobile-right .lakit-breadcrumbs{flex-direction:column;justify-content:flex-start;align-items:stretch}.lakit-breadcrumbs-page-title-yes.lakit-breadcrumbs-align-mobile-center .lakit-breadcrumbs__content,.lakit-breadcrumbs-page-title-yes.lakit-breadcrumbs-align-mobile-center .lakit-breadcrumbs__title,.lakit-breadcrumbs-page-title-yes.lakit-breadcrumbs-align-mobile-left .lakit-breadcrumbs__content,.lakit-breadcrumbs-page-title-yes.lakit-breadcrumbs-align-mobile-left .lakit-breadcrumbs__title,.lakit-breadcrumbs-page-title-yes.lakit-breadcrumbs-align-mobile-right .lakit-breadcrumbs__content,.lakit-breadcrumbs-page-title-yes.lakit-breadcrumbs-align-mobile-right .lakit-breadcrumbs__title{flex-grow:1}}.lakit-breadcrumbs__content,.lakit-breadcrumbs__title{flex-grow:1}.lakit-breadcrumbs__title{padding:0;margin:0;border:none;text-align:inherit}.lakit-breadcrumbs__content{font-size:0}.lakit-breadcrumbs__browse,.lakit-breadcrumbs__item,.lakit-breadcrumbs__item-link,.lakit-breadcrumbs__item-target{display:inline-block}.lakit-breadcrumbs__wrap{display:inline}.lakit-breadcrumbs__browse{margin-right:5px}.lakit-breadcrumbs__browse,.lakit-breadcrumbs__item{font-size:14px}.lakit-breadcrumbs__item-sep{margin-left:5px;margin-right:5px;font-size:.6em}.lakit-breadcrumbs__item-sep i{display:block;width:1em;height:1em;line-height:1;text-align:center}body.home .elementor-widget-lakit-breadcrumbs:not(.lakit-breadcrumbs-on-front-yes):not(.elementor-element-edit-mode){display:none}<\/style>\n\t\t<div class=\"lakit-breadcrumbs\">\n\t\t<div class=\"lakit-breadcrumbs__content\">\n\t\t<div class=\"lakit-breadcrumbs__wrap\"><div class=\"lakit-breadcrumbs__item\"><a href=\"https:\/\/angry-meitner.83-169-39-68.plesk.page\/\" class=\"lakit-breadcrumbs__item-link is-home\" rel=\"home\" title=\"Home\">Home<\/a><\/div>\n\t\t<\/div>\n\t\t<\/div>\n\t\t<\/div>\t\t<\/div>\n\t\t\t\t<\/div>\n\t\t\t\t\t<\/div>\n\t\t<\/div>\n\t\t\t\t\t\t\t<\/div>\n\t\t<\/section>\n\t\t\t\t<section class=\"elementor-section elementor-top-section elementor-element elementor-element-19558a7 elementor-section-boxed elementor-section-height-default elementor-section-height-default\" data-id=\"19558a7\" data-element_type=\"section\" data-settings=\"{&quot;background_background&quot;:&quot;classic&quot;}\">\n\t\t\t\t\t\t<div class=\"elementor-container elementor-column-gap-no\">\n\t\t\t\t\t<div class=\"elementor-column elementor-col-50 elementor-top-column elementor-element elementor-element-61a55ad lakit-col-width-auto-no\" data-id=\"61a55ad\" data-element_type=\"column\">\n\t\t\t<div class=\"elementor-widget-wrap elementor-element-populated\">\n\t\t\t\t\t\t\t\t<div class=\"elementor-element elementor-element-760a421 elementor-widget elementor-widget-heading\" data-id=\"760a421\" data-element_type=\"widget\" data-widget_type=\"heading.default\">\n\t\t\t\t<div class=\"elementor-widget-container\">\n\t\t\t<h2 class=\"elementor-heading-title elementor-size-default\">Kontaktinformasjon<\/h2>\t\t<\/div>\n\t\t\t\t<\/div>\n\t\t\t\t<div class=\"elementor-element elementor-element-155a7e0 elementor-widget elementor-widget-heading\" data-id=\"155a7e0\" data-element_type=\"widget\" data-widget_type=\"heading.default\">\n\t\t\t\t<div class=\"elementor-widget-container\">\n\t\t\t<h2 class=\"elementor-heading-title elementor-size-default\">Vi er p\u00e5logget<\/h2>\t\t<\/div>\n\t\t\t\t<\/div>\n\t\t\t\t<section class=\"elementor-section elementor-inner-section elementor-element elementor-element-8d66159 elementor-section-content-middle elementor-section-boxed elementor-section-height-default elementor-section-height-default\" data-id=\"8d66159\" data-element_type=\"section\">\n\t\t\t\t\t\t<div class=\"elementor-container elementor-column-gap-no\">\n\t\t\t\t\t<div class=\"elementor-column elementor-col-50 elementor-inner-column elementor-element elementor-element-dc37120 lakit-col-width-auto-no\" data-id=\"dc37120\" data-element_type=\"column\">\n\t\t\t<div class=\"elementor-widget-wrap elementor-element-populated\">\n\t\t\t\t\t\t\t\t<div class=\"elementor-element elementor-element-4455e08 elementor-view-stacked elementor-shape-circle elementor-widget elementor-widget-icon\" data-id=\"4455e08\" data-element_type=\"widget\" data-widget_type=\"icon.default\">\n\t\t\t\t<div class=\"elementor-widget-container\">\n\t\t\t\t\t<div class=\"elementor-icon-wrapper\">\n\t\t\t<div class=\"elementor-icon\">\n\t\t\t<i aria-hidden=\"true\" class=\"lastudioicon lastudioicon-pin-3-2\"><\/i>\t\t\t<\/div>\n\t\t<\/div>\n\t\t\t\t<\/div>\n\t\t\t\t<\/div>\n\t\t\t\t\t<\/div>\n\t\t<\/div>\n\t\t\t\t<div class=\"elementor-column elementor-col-50 elementor-inner-column elementor-element elementor-element-719f4e4 lakit-col-width-auto-no\" data-id=\"719f4e4\" data-element_type=\"column\">\n\t\t\t<div class=\"elementor-widget-wrap elementor-element-populated\">\n\t\t\t\t\t\t\t\t<div class=\"elementor-element elementor-element-808089f elementor-widget elementor-widget-text-editor\" data-id=\"808089f\" data-element_type=\"widget\" data-widget_type=\"text-editor.default\">\n\t\t\t\t<div class=\"elementor-widget-container\">\n\t\t\t<style>\/*! elementor - v3.12.1 - 02-04-2023 *\/\n.elementor-widget-text-editor.elementor-drop-cap-view-stacked .elementor-drop-cap{background-color:#69727d;color:#fff}.elementor-widget-text-editor.elementor-drop-cap-view-framed .elementor-drop-cap{color:#69727d;border:3px solid;background-color:transparent}.elementor-widget-text-editor:not(.elementor-drop-cap-view-default) .elementor-drop-cap{margin-top:8px}.elementor-widget-text-editor:not(.elementor-drop-cap-view-default) .elementor-drop-cap-letter{width:1em;height:1em}.elementor-widget-text-editor .elementor-drop-cap{float:left;text-align:center;line-height:1;font-size:50px}.elementor-widget-text-editor .elementor-drop-cap-letter{display:inline-block}<\/style>\t\t\t\t<p>Kontakt oss gjerne p\u00e5 v\u00e5r kundechat for rask og personlig service.<\/p>\t\t\t\t\t\t<\/div>\n\t\t\t\t<\/div>\n\t\t\t\t\t<\/div>\n\t\t<\/div>\n\t\t\t\t\t\t\t<\/div>\n\t\t<\/section>\n\t\t\t\t<section class=\"elementor-section elementor-inner-section elementor-element elementor-element-5669b7c elementor-section-content-middle elementor-section-boxed elementor-section-height-default elementor-section-height-default\" data-id=\"5669b7c\" data-element_type=\"section\">\n\t\t\t\t\t\t<div class=\"elementor-container elementor-column-gap-no\">\n\t\t\t\t\t<div class=\"elementor-column elementor-col-50 elementor-inner-column elementor-element elementor-element-675ce0a lakit-col-width-auto-no\" data-id=\"675ce0a\" data-element_type=\"column\">\n\t\t\t<div class=\"elementor-widget-wrap elementor-element-populated\">\n\t\t\t\t\t\t\t\t<div class=\"elementor-element elementor-element-9c26015 elementor-view-stacked elementor-shape-circle elementor-widget elementor-widget-icon\" data-id=\"9c26015\" data-element_type=\"widget\" data-widget_type=\"icon.default\">\n\t\t\t\t<div class=\"elementor-widget-container\">\n\t\t\t\t\t<div class=\"elementor-icon-wrapper\">\n\t\t\t<div class=\"elementor-icon\">\n\t\t\t<i aria-hidden=\"true\" class=\"lastudioicon lastudioicon-phone-2\"><\/i>\t\t\t<\/div>\n\t\t<\/div>\n\t\t\t\t<\/div>\n\t\t\t\t<\/div>\n\t\t\t\t\t<\/div>\n\t\t<\/div>\n\t\t\t\t<div class=\"elementor-column elementor-col-50 elementor-inner-column elementor-element elementor-element-65aa313 lakit-col-width-auto-no\" data-id=\"65aa313\" data-element_type=\"column\">\n\t\t\t<div class=\"elementor-widget-wrap elementor-element-populated\">\n\t\t\t\t\t\t\t\t<div class=\"elementor-element elementor-element-5ac2874 elementor-widget elementor-widget-text-editor\" data-id=\"5ac2874\" data-element_type=\"widget\" data-widget_type=\"text-editor.default\">\n\t\t\t\t<div class=\"elementor-widget-container\">\n\t\t\t\t\t\t\t<p>Tlf: 74.999.777<\/p>\t\t\t\t\t\t<\/div>\n\t\t\t\t<\/div>\n\t\t\t\t\t<\/div>\n\t\t<\/div>\n\t\t\t\t\t\t\t<\/div>\n\t\t<\/section>\n\t\t\t\t<section class=\"elementor-section elementor-inner-section elementor-element elementor-element-60a4a19 elementor-section-content-middle elementor-section-boxed elementor-section-height-default elementor-section-height-default\" data-id=\"60a4a19\" data-element_type=\"section\">\n\t\t\t\t\t\t<div class=\"elementor-container elementor-column-gap-no\">\n\t\t\t\t\t<div class=\"elementor-column elementor-col-50 elementor-inner-column elementor-element elementor-element-f11c437 lakit-col-width-auto-no\" data-id=\"f11c437\" data-element_type=\"column\">\n\t\t\t<div class=\"elementor-widget-wrap elementor-element-populated\">\n\t\t\t\t\t\t\t\t<div class=\"elementor-element elementor-element-8571982 elementor-view-stacked elementor-shape-circle elementor-widget elementor-widget-icon\" data-id=\"8571982\" data-element_type=\"widget\" data-widget_type=\"icon.default\">\n\t\t\t\t<div class=\"elementor-widget-container\">\n\t\t\t\t\t<div class=\"elementor-icon-wrapper\">\n\t\t\t<div class=\"elementor-icon\">\n\t\t\t<i aria-hidden=\"true\" class=\"lastudioicon lastudioicon-mail\"><\/i>\t\t\t<\/div>\n\t\t<\/div>\n\t\t\t\t<\/div>\n\t\t\t\t<\/div>\n\t\t\t\t\t<\/div>\n\t\t<\/div>\n\t\t\t\t<div class=\"elementor-column elementor-col-50 elementor-inner-column elementor-element elementor-element-c3d8936 lakit-col-width-auto-no\" data-id=\"c3d8936\" data-element_type=\"column\">\n\t\t\t<div class=\"elementor-widget-wrap elementor-element-populated\">\n\t\t\t\t\t\t\t\t<div class=\"elementor-element elementor-element-366372e elementor-widget elementor-widget-text-editor\" data-id=\"366372e\" data-element_type=\"widget\" data-widget_type=\"text-editor.default\">\n\t\t\t\t<div class=\"elementor-widget-container\">\n\t\t\t\t\t\t\t<p><a href=\"mailto:kontakt@godterihuset.no\">kontakt@godterihuset.no<\/a><\/p>\t\t\t\t\t\t<\/div>\n\t\t\t\t<\/div>\n\t\t\t\t\t<\/div>\n\t\t<\/div>\n\t\t\t\t\t\t\t<\/div>\n\t\t<\/section>\n\t\t\t\t\t<\/div>\n\t\t<\/div>\n\t\t\t\t<div class=\"elementor-column elementor-col-50 elementor-top-column elementor-element elementor-element-24d76cb lakit-col-width-auto-no\" data-id=\"24d76cb\" data-element_type=\"column\" data-settings=\"{&quot;background_background&quot;:&quot;classic&quot;}\">\n\t\t\t<div class=\"elementor-widget-wrap elementor-element-populated\">\n\t\t\t\t\t\t\t\t<div class=\"elementor-element elementor-element-0e016c2 elementor-widget elementor-widget-heading\" data-id=\"0e016c2\" data-element_type=\"widget\" data-widget_type=\"heading.default\">\n\t\t\t\t<div class=\"elementor-widget-container\">\n\t\t\t<h2 class=\"elementor-heading-title elementor-size-default\">Send oss en foresp\u00f8rsel...<\/h2>\t\t<\/div>\n\t\t\t\t<\/div>\n\t\t\t\t<div class=\"elementor-element elementor-element-f6c4e85 elementor-widget lastudio-kit elementor-lakit-contactform7\" data-id=\"f6c4e85\" data-element_type=\"widget\" data-widget_type=\"lakit-contactform7.default\">\n\t\t\t\t<div class=\"elementor-widget-container\">\n\t\t\t\n<div class=\"wpcf7 no-js\" id=\"wpcf7-f1257-o1\" lang=\"en-US\" dir=\"ltr\">\n<div class=\"screen-reader-response\"><p role=\"status\" aria-live=\"polite\" aria-atomic=\"true\"><\/p> <ul><\/ul><\/div>\n<form action=\"\/index.php\/wp-json\/wp\/v2\/pages\/1270#wpcf7-f1257-o1\" method=\"post\" class=\"wpcf7-form init\" aria-label=\"Contact form\" novalidate=\"novalidate\" data-status=\"init\">\n<div style=\"display: none;\">\n<input type=\"hidden\" name=\"_wpcf7\" value=\"1257\" \/>\n<input type=\"hidden\" name=\"_wpcf7_version\" value=\"5.7.5.1\" \/>\n<input type=\"hidden\" name=\"_wpcf7_locale\" value=\"en_US\" \/>\n<input type=\"hidden\" name=\"_wpcf7_unit_tag\" value=\"wpcf7-f1257-o1\" \/>\n<input type=\"hidden\" name=\"_wpcf7_container_post\" value=\"0\" \/>\n<input type=\"hidden\" name=\"_wpcf7_posted_data_hash\" value=\"\" \/>\n<\/div>\n<div class=\"lakit-row gap-14\">\n\t<div class=\"lakit-col\">\n\t\t<p><label for=\"first-name\">Fornavn *<\/label><span class=\"wpcf7-form-control-wrap\" data-name=\"first-name\"><input size=\"40\" class=\"wpcf7-form-control wpcf7-text wpcf7-validates-as-required\" aria-required=\"true\" aria-invalid=\"false\" value=\"\" type=\"text\" name=\"first-name\" \/><\/span>\n\t\t<\/p>\n\t<\/div>\n\t<div class=\"lakit-col\">\n\t\t<p><label for=\"last-name\">Etternavn *<\/label><span class=\"wpcf7-form-control-wrap\" data-name=\"last-name\"><input size=\"40\" class=\"wpcf7-form-control wpcf7-text wpcf7-validates-as-required\" aria-required=\"true\" aria-invalid=\"false\" value=\"\" type=\"text\" name=\"last-name\" \/><\/span>\n\t\t<\/p>\n\t<\/div>\n<\/div>\n<div class=\"lakit-row gap-14\">\n\t<div class=\"lakit-col\">\n\t\t<p><label for=\"your-email\">Epsotadresse *<\/label><span class=\"wpcf7-form-control-wrap\" data-name=\"your-email\"><input size=\"40\" class=\"wpcf7-form-control wpcf7-text wpcf7-email wpcf7-validates-as-required wpcf7-validates-as-email\" aria-required=\"true\" aria-invalid=\"false\" value=\"\" type=\"email\" name=\"your-email\" \/><\/span>\n\t\t<\/p>\n\t<\/div>\n<\/div>\n<div class=\"lakit-row gap-14\">\n\t<div class=\"lakit-col\">\n\t\t<p><label for=\"your-message\">Melding *<\/label><span class=\"wpcf7-form-control-wrap\" data-name=\"your-message\"><textarea cols=\"40\" rows=\"10\" class=\"wpcf7-form-control wpcf7-textarea wpcf7-validates-as-required\" aria-required=\"true\" aria-invalid=\"false\" name=\"your-message\"><\/textarea><\/span>\n\t\t<\/p>\n\t<\/div>\n<\/div>\n<div class=\"lakit-row gap-14 text-center\">\n\t<div class=\"lakit-col\">\n\t\t<p><input class=\"wpcf7-form-control has-spinner wpcf7-submit\" type=\"submit\" value=\"Send Melding\" \/>\n\t\t<\/p>\n\t<\/div>\n<\/div><div class=\"wpcf7-response-output\" aria-hidden=\"true\"><\/div>\n<\/form>\n<\/div>\n\t\t<\/div>\n\t\t\t\t<\/div>\n\t\t\t\t\t<\/div>\n\t\t<\/div>\n\t\t\t\t\t\t\t<\/div>\n\t\t<\/section>\n\t\t\t\t\t\t\t<\/div>\n\t\t","protected":false},"excerpt":{"rendered":"<p>Kontakt oss Home Kontaktinformasjon Vi er p\u00e5logget Kontakt oss gjerne p\u00e5 v\u00e5r kundechat for rask og personlig service. Tlf: 74.999.777 [&hellip;]<\/p>\n","protected":false},"author":1,"featured_media":0,"parent":0,"menu_order":0,"comment_status":"closed","ping_status":"closed","template":"","meta":{"footnotes":""},"class_list":["post-1270","page","type-page","status-publish","hentry"],"yoast_head":"<!-- This site is optimized with the Yoast SEO plugin v20.5 - https:\/\/yoast.com\/wordpress\/plugins\/seo\/ -->\n<title>Kontakt oss - Godterihuset.no<\/title>\n<meta name=\"robots\" content=\"noindex, follow, max-snippet:-1, max-image-preview:large, max-video-preview:-1\" \/>\n<meta property=\"og:locale\" content=\"nb_NO\" \/>\n<meta property=\"og:type\" content=\"article\" \/>\n<meta property=\"og:title\" content=\"Kontakt oss - Godterihuset.no\" \/>\n<meta property=\"og:description\" content=\"Kontakt oss Home Kontaktinformasjon Vi er p\u00e5logget Kontakt oss gjerne p\u00e5 v\u00e5r kundechat for rask og personlig service. Tlf: 74.999.777 [&hellip;]\" \/>\n<meta property=\"og:url\" content=\"https:\/\/angry-meitner.83-169-39-68.plesk.page\/index.php\/kontakt-oss\/\" \/>\n<meta property=\"og:site_name\" content=\"Godterihuset.no\" \/>\n<meta property=\"article:modified_time\" content=\"2023-04-07T17:18:36+00:00\" \/>\n<meta name=\"twitter:card\" content=\"summary_large_image\" \/>\n<meta name=\"twitter:label1\" content=\"Ansl. lesetid\" \/>\n\t<meta name=\"twitter:data1\" content=\"1 minutt\" \/>\n<script type=\"application\/ld+json\" class=\"yoast-schema-graph\">{\"@context\":\"https:\/\/schema.org\",\"@graph\":[{\"@type\":\"WebPage\",\"@id\":\"https:\/\/angry-meitner.83-169-39-68.plesk.page\/index.php\/kontakt-oss\/\",\"url\":\"https:\/\/angry-meitner.83-169-39-68.plesk.page\/index.php\/kontakt-oss\/\",\"name\":\"Kontakt oss - Godterihuset.no\",\"isPartOf\":{\"@id\":\"https:\/\/angry-meitner.83-169-39-68.plesk.page\/#website\"},\"datePublished\":\"2021-08-12T23:14:41+00:00\",\"dateModified\":\"2023-04-07T17:18:36+00:00\",\"breadcrumb\":{\"@id\":\"https:\/\/angry-meitner.83-169-39-68.plesk.page\/index.php\/kontakt-oss\/#breadcrumb\"},\"inLanguage\":\"nb-NO\",\"potentialAction\":[{\"@type\":\"ReadAction\",\"target\":[\"https:\/\/angry-meitner.83-169-39-68.plesk.page\/index.php\/kontakt-oss\/\"]}]},{\"@type\":\"BreadcrumbList\",\"@id\":\"https:\/\/angry-meitner.83-169-39-68.plesk.page\/index.php\/kontakt-oss\/#breadcrumb\",\"itemListElement\":[{\"@type\":\"ListItem\",\"position\":1,\"name\":\"Hjem\",\"item\":\"https:\/\/angry-meitner.83-169-39-68.plesk.page\/\"},{\"@type\":\"ListItem\",\"position\":2,\"name\":\"Kontakt oss\"}]},{\"@type\":\"WebSite\",\"@id\":\"https:\/\/angry-meitner.83-169-39-68.plesk.page\/#website\",\"url\":\"https:\/\/angry-meitner.83-169-39-68.plesk.page\/\",\"name\":\"Godterihuset.no\",\"description\":\"\",\"potentialAction\":[{\"@type\":\"SearchAction\",\"target\":{\"@type\":\"EntryPoint\",\"urlTemplate\":\"https:\/\/angry-meitner.83-169-39-68.plesk.page\/?s={search_term_string}\"},\"query-input\":\"required name=search_term_string\"}],\"inLanguage\":\"nb-NO\"}]}<\/script>\n<!-- \/ Yoast SEO plugin. -->","yoast_head_json":{"title":"Kontakt oss - Godterihuset.no","robots":{"index":"noindex","follow":"follow","max-snippet":"max-snippet:-1","max-image-preview":"max-image-preview:large","max-video-preview":"max-video-preview:-1"},"og_locale":"nb_NO","og_type":"article","og_title":"Kontakt oss - Godterihuset.no","og_description":"Kontakt oss Home Kontaktinformasjon Vi er p\u00e5logget Kontakt oss gjerne p\u00e5 v\u00e5r kundechat for rask og personlig service. Tlf: 74.999.777 [&hellip;]","og_url":"https:\/\/angry-meitner.83-169-39-68.plesk.page\/index.php\/kontakt-oss\/","og_site_name":"Godterihuset.no","article_modified_time":"2023-04-07T17:18:36+00:00","twitter_card":"summary_large_image","twitter_misc":{"Ansl. lesetid":"1 minutt"},"schema":{"@context":"https:\/\/schema.org","@graph":[{"@type":"WebPage","@id":"https:\/\/angry-meitner.83-169-39-68.plesk.page\/index.php\/kontakt-oss\/","url":"https:\/\/angry-meitner.83-169-39-68.plesk.page\/index.php\/kontakt-oss\/","name":"Kontakt oss - Godterihuset.no","isPartOf":{"@id":"https:\/\/angry-meitner.83-169-39-68.plesk.page\/#website"},"datePublished":"2021-08-12T23:14:41+00:00","dateModified":"2023-04-07T17:18:36+00:00","breadcrumb":{"@id":"https:\/\/angry-meitner.83-169-39-68.plesk.page\/index.php\/kontakt-oss\/#breadcrumb"},"inLanguage":"nb-NO","potentialAction":[{"@type":"ReadAction","target":["https:\/\/angry-meitner.83-169-39-68.plesk.page\/index.php\/kontakt-oss\/"]}]},{"@type":"BreadcrumbList","@id":"https:\/\/angry-meitner.83-169-39-68.plesk.page\/index.php\/kontakt-oss\/#breadcrumb","itemListElement":[{"@type":"ListItem","position":1,"name":"Hjem","item":"https:\/\/angry-meitner.83-169-39-68.plesk.page\/"},{"@type":"ListItem","position":2,"name":"Kontakt oss"}]},{"@type":"WebSite","@id":"https:\/\/angry-meitner.83-169-39-68.plesk.page\/#website","url":"https:\/\/angry-meitner.83-169-39-68.plesk.page\/","name":"Godterihuset.no","description":"","potentialAction":[{"@type":"SearchAction","target":{"@type":"EntryPoint","urlTemplate":"https:\/\/angry-meitner.83-169-39-68.plesk.page\/?s={search_term_string}"},"query-input":"required name=search_term_string"}],"inLanguage":"nb-NO"}]}},"_links":{"self":[{"href":"https:\/\/angry-meitner.83-169-39-68.plesk.page\/index.php\/wp-json\/wp\/v2\/pages\/1270","targetHints":{"allow":["GET"]}}],"collection":[{"href":"https:\/\/angry-meitner.83-169-39-68.plesk.page\/index.php\/wp-json\/wp\/v2\/pages"}],"about":[{"href":"https:\/\/angry-meitner.83-169-39-68.plesk.page\/index.php\/wp-json\/wp\/v2\/types\/page"}],"author":[{"embeddable":true,"href":"https:\/\/angry-meitner.83-169-39-68.plesk.page\/index.php\/wp-json\/wp\/v2\/users\/1"}],"replies":[{"embeddable":true,"href":"https:\/\/angry-meitner.83-169-39-68.plesk.page\/index.php\/wp-json\/wp\/v2\/comments?post=1270"}],"version-history":[{"count":62,"href":"https:\/\/angry-meitner.83-169-39-68.plesk.page\/index.php\/wp-json\/wp\/v2\/pages\/1270\/revisions"}],"predecessor-version":[{"id":5840,"href":"https:\/\/angry-meitner.83-169-39-68.plesk.page\/index.php\/wp-json\/wp\/v2\/pages\/1270\/revisions\/5840"}],"wp:attachment":[{"href":"https:\/\/angry-meitner.83-169-39-68.plesk.page\/index.php\/wp-json\/wp\/v2\/media?parent=1270"}],"curies":[{"name":"wp","href":"https:\/\/api.w.org\/{rel}","templated":true}]}}