{"id":1158,"date":"2021-08-12T19:43:34","date_gmt":"2021-08-12T19:43:34","guid":{"rendered":"https:\/\/baker.la-studioweb.com\/?page_id=1158"},"modified":"2023-04-07T17:29:05","modified_gmt":"2023-04-07T17:29:05","slug":"om-oss","status":"publish","type":"page","link":"https:\/\/angry-meitner.83-169-39-68.plesk.page\/index.php\/om-oss\/","title":{"rendered":"Om oss"},"content":{"rendered":"\t\t<div data-elementor-type=\"wp-page\" data-elementor-id=\"1158\" class=\"elementor elementor-1158\">\n\t\t\t\t\t\t\t\t\t<section class=\"elementor-section elementor-top-section elementor-element elementor-element-cd28ef2 elementor-section-content-middle elementor-section-boxed elementor-section-height-default elementor-section-height-default\" data-id=\"cd28ef2\" data-element_type=\"section\" data-settings=\"{&quot;background_background&quot;:&quot;classic&quot;}\">\n\t\t\t\t\t\t<div class=\"elementor-container elementor-column-gap-no\">\n\t\t\t\t\t<div class=\"elementor-column elementor-col-66 elementor-top-column elementor-element elementor-element-8024760 lakit-col-width-auto-no\" data-id=\"8024760\" data-element_type=\"column\">\n\t\t\t<div class=\"elementor-widget-wrap elementor-element-populated\">\n\t\t\t\t\t\t\t\t<div class=\"elementor-element elementor-element-d9e05af elementor-widget elementor-widget-spacer\" data-id=\"d9e05af\" data-element_type=\"widget\" data-widget_type=\"spacer.default\">\n\t\t\t\t<div class=\"elementor-widget-container\">\n\t\t\t<style>\/*! elementor - v3.12.1 - 02-04-2023 *\/\n.elementor-column .elementor-spacer-inner{height:var(--spacer-size)}.e-con{--container-widget-width:100%}.e-con-inner>.elementor-widget-spacer,.e-con>.elementor-widget-spacer{width:var(--container-widget-width,var(--spacer-size));--align-self:var(--container-widget-align-self,initial);--flex-shrink:0}.e-con-inner>.elementor-widget-spacer>.elementor-widget-container,.e-con-inner>.elementor-widget-spacer>.elementor-widget-container>.elementor-spacer,.e-con>.elementor-widget-spacer>.elementor-widget-container,.e-con>.elementor-widget-spacer>.elementor-widget-container>.elementor-spacer{height:100%}.e-con-inner>.elementor-widget-spacer>.elementor-widget-container>.elementor-spacer>.elementor-spacer-inner,.e-con>.elementor-widget-spacer>.elementor-widget-container>.elementor-spacer>.elementor-spacer-inner{height:var(--container-widget-height,var(--spacer-size))}<\/style>\t\t<div class=\"elementor-spacer\">\n\t\t\t<div class=\"elementor-spacer-inner\"><\/div>\n\t\t<\/div>\n\t\t\t\t<\/div>\n\t\t\t\t<\/div>\n\t\t\t\t<div class=\"elementor-element elementor-element-b34ca8a elementor-widget elementor-widget-heading\" data-id=\"b34ca8a\" data-element_type=\"widget\" data-widget_type=\"heading.default\">\n\t\t\t\t<div class=\"elementor-widget-container\">\n\t\t\t<style>\/*! elementor - v3.12.1 - 02-04-2023 *\/\n.elementor-heading-title{padding:0;margin:0;line-height:1}.elementor-widget-heading .elementor-heading-title[class*=elementor-size-]>a{color:inherit;font-size:inherit;line-height:inherit}.elementor-widget-heading .elementor-heading-title.elementor-size-small{font-size:15px}.elementor-widget-heading .elementor-heading-title.elementor-size-medium{font-size:19px}.elementor-widget-heading .elementor-heading-title.elementor-size-large{font-size:29px}.elementor-widget-heading .elementor-heading-title.elementor-size-xl{font-size:39px}.elementor-widget-heading .elementor-heading-title.elementor-size-xxl{font-size:59px}<\/style><h2 class=\"elementor-heading-title elementor-size-large\">Vi gir Norge godsaker<\/h2>\t\t<\/div>\n\t\t\t\t<\/div>\n\t\t\t\t<div class=\"elementor-element elementor-element-23685df elementor-widget elementor-widget-heading\" data-id=\"23685df\" data-element_type=\"widget\" data-widget_type=\"heading.default\">\n\t\t\t\t<div class=\"elementor-widget-container\">\n\t\t\t<h2 class=\"elementor-heading-title elementor-size-default\">Om Godterihuset.no<\/h2>\t\t<\/div>\n\t\t\t\t<\/div>\n\t\t\t\t<div class=\"elementor-element elementor-element-dbbedbd elementor-widget__width-initial elementor-widget elementor-widget-text-editor\" data-id=\"dbbedbd\" data-element_type=\"widget\" data-widget_type=\"text-editor.default\">\n\t\t\t\t<div class=\"elementor-widget-container\">\n\t\t\t<style>\/*! elementor - v3.12.1 - 02-04-2023 *\/\n.elementor-widget-text-editor.elementor-drop-cap-view-stacked .elementor-drop-cap{background-color:#69727d;color:#fff}.elementor-widget-text-editor.elementor-drop-cap-view-framed .elementor-drop-cap{color:#69727d;border:3px solid;background-color:transparent}.elementor-widget-text-editor:not(.elementor-drop-cap-view-default) .elementor-drop-cap{margin-top:8px}.elementor-widget-text-editor:not(.elementor-drop-cap-view-default) .elementor-drop-cap-letter{width:1em;height:1em}.elementor-widget-text-editor .elementor-drop-cap{float:left;text-align:center;line-height:1;font-size:50px}.elementor-widget-text-editor .elementor-drop-cap-letter{display:inline-block}<\/style>\t\t\t\t<ul><li><strong>Godterihuset.no<\/strong> <br \/>har som m\u00e5l \u00e5 ha de mest intresante og spennende produktene fra b\u00e5de Norge, Sverige, Tyskland, og Amerika, innenfor de varegrupper vi selger.<\/li><li><strong>Godterihuset.no<\/strong> <br \/>har varelager og pakking i Oslo, noe som gj\u00f8r att vi har raske og effektive leveringer.<\/li><li>V\u00e5re samarbeidspartnere er de aller beste p\u00e5 markedet, og det gj\u00f8r att vi er trygge p\u00e5 b\u00e5de kvalitet og leveringer helt frem til deg som kunde.<\/li><li><strong>Godterihuset.no<\/strong><br \/>Lover \u00e5 fortsette det gode arbeidet med \u00e5 ha de beste produktene til de beste prisene.<\/li><li>F\u00f8lg oss ogs\u00e5 p\u00e5 sosiale medier, s\u00e5 vil du f\u00e5 oppdateringer l\u00f8pende n\u00e5r vi lanserer nyheter og spennende nye varianter av b\u00e5de godterier, drikke, og snacks\u00a0<\/li><li><strong>Godterihuset.no<\/strong> <br \/>Sender ogs\u00e5 ut nyhetsbrev med ukentlige kampanjer, s\u00e5 meld deg p\u00e5 i v\u00e5r sms og email link, s\u00e5 er du den f\u00f8rste til \u00e5 se v\u00e5re tilbud \ud83d\ude42<\/li><li><strong>Godterihuset.no<\/strong> <br \/>har sterk fokus p\u00e5 kundeservice, s\u00e5 ta gjerne kontakt med oss i v\u00e5r kunde chat som du finner p\u00e5 forsiden av butikken. Der vil du f\u00e5 raske og personlige svar p\u00e5 det du lurer p\u00e5 .\u00a0<\/li><\/ul><div>\u00a0<\/div><div><strong>Godterihuset.no\u00a0<\/strong><\/div><div>\u00d8nsker deg velkommen som kunde.<\/div>\t\t\t\t\t\t<\/div>\n\t\t\t\t<\/div>\n\t\t\t\t\t<\/div>\n\t\t<\/div>\n\t\t\t\t<div class=\"elementor-column elementor-col-33 elementor-top-column elementor-element elementor-element-a03af9d column_full_right lakit-col-width-auto-no\" data-id=\"a03af9d\" data-element_type=\"column\" data-settings=\"{&quot;background_background&quot;:&quot;classic&quot;}\">\n\t\t\t<div class=\"elementor-widget-wrap elementor-element-populated\">\n\t\t\t\t\t\t\t\t<div class=\"elementor-element elementor-element-de40137 elementor-widget elementor-widget-spacer\" data-id=\"de40137\" data-element_type=\"widget\" data-widget_type=\"spacer.default\">\n\t\t\t\t<div class=\"elementor-widget-container\">\n\t\t\t\t\t<div class=\"elementor-spacer\">\n\t\t\t<div class=\"elementor-spacer-inner\"><\/div>\n\t\t<\/div>\n\t\t\t\t<\/div>\n\t\t\t\t<\/div>\n\t\t\t\t\t<\/div>\n\t\t<\/div>\n\t\t\t\t\t\t\t<\/div>\n\t\t<\/section>\n\t\t\t\t<section class=\"elementor-section elementor-top-section elementor-element elementor-element-a3fb6aa elementor-section-boxed elementor-section-height-default elementor-section-height-default\" data-id=\"a3fb6aa\" data-element_type=\"section\" data-settings=\"{&quot;background_background&quot;:&quot;classic&quot;}\">\n\t\t\t\t\t\t<div class=\"elementor-container elementor-column-gap-default\">\n\t\t\t\t\t<div class=\"elementor-column elementor-col-50 elementor-top-column elementor-element elementor-element-9db97e4 lakit-col-width-auto-no\" data-id=\"9db97e4\" data-element_type=\"column\">\n\t\t\t<div class=\"elementor-widget-wrap elementor-element-populated\">\n\t\t\t\t\t\t\t\t<div class=\"elementor-element elementor-element-a94bbf1 elementor-widget elementor-widget-image\" data-id=\"a94bbf1\" data-element_type=\"widget\" data-widget_type=\"image.default\">\n\t\t\t\t<div class=\"elementor-widget-container\">\n\t\t\t<style>\/*! elementor - v3.12.1 - 02-04-2023 *\/\n.elementor-widget-image{text-align:center}.elementor-widget-image a{display:inline-block}.elementor-widget-image a img[src$=\".svg\"]{width:48px}.elementor-widget-image img{vertical-align:middle;display:inline-block}<\/style>\t\t\t\t\t\t\t\t\t\t\t\t<img loading=\"lazy\" decoding=\"async\" width=\"268\" height=\"188\" src=\"https:\/\/angry-meitner.83-169-39-68.plesk.page\/wp-content\/uploads\/2023\/04\/1680847179269.jpg\" class=\"attachment-1536x1536 size-1536x1536 wp-image-5635\" alt=\"\" \/>\t\t\t\t\t\t\t\t\t\t\t\t\t\t\t<\/div>\n\t\t\t\t<\/div>\n\t\t\t\t\t<\/div>\n\t\t<\/div>\n\t\t\t\t<div class=\"elementor-column elementor-col-50 elementor-top-column elementor-element elementor-element-fb92e55 lakit-col-width-auto-no\" data-id=\"fb92e55\" data-element_type=\"column\">\n\t\t\t<div class=\"elementor-widget-wrap elementor-element-populated\">\n\t\t\t\t\t\t\t\t<div class=\"elementor-element elementor-element-475747b elementor-view-default elementor-widget elementor-widget-icon\" data-id=\"475747b\" data-element_type=\"widget\" data-widget_type=\"icon.default\">\n\t\t\t\t<div class=\"elementor-widget-container\">\n\t\t\t\t\t<div class=\"elementor-icon-wrapper\">\n\t\t\t<div class=\"elementor-icon\">\n\t\t\t<i aria-hidden=\"true\" class=\"dlicon emoticons_happy-sun\"><\/i>\t\t\t<\/div>\n\t\t<\/div>\n\t\t\t\t<\/div>\n\t\t\t\t<\/div>\n\t\t\t\t<div class=\"elementor-element elementor-element-3a89f3b elementor-widget elementor-widget-heading\" data-id=\"3a89f3b\" data-element_type=\"widget\" data-widget_type=\"heading.default\">\n\t\t\t\t<div class=\"elementor-widget-container\">\n\t\t\t<h6 class=\"elementor-heading-title elementor-size-default\">Vi er fargerike<\/h6>\t\t<\/div>\n\t\t\t\t<\/div>\n\t\t\t\t<div class=\"elementor-element elementor-element-aad1939 elementor-widget elementor-widget-heading\" data-id=\"aad1939\" data-element_type=\"widget\" data-widget_type=\"heading.default\">\n\t\t\t\t<div class=\"elementor-widget-container\">\n\t\t\t<h2 class=\"elementor-heading-title elementor-size-default\">Er du klar til \u00e5 selge Fun slush i sommer?<\/h2>\t\t<\/div>\n\t\t\t\t<\/div>\n\t\t\t\t<div class=\"elementor-element elementor-element-33b78dd elementor-widget elementor-widget-text-editor\" data-id=\"33b78dd\" data-element_type=\"widget\" data-widget_type=\"text-editor.default\">\n\t\t\t\t<div class=\"elementor-widget-container\">\n\t\t\t\t\t\t\t<ul><li>8 friske og gode smaker<\/li><li>Meget god avanse p\u00e5 \u00e5 selge Fun slush<\/li><li>Beger med Fun slush trykk<\/li><li>Store beger med suger\u00f8r<\/li><li>Suges\u00f8r med skje<\/li><li>Fun slush maskiner med 1-3 kammer (smaker)<\/li><\/ul>\t\t\t\t\t\t<\/div>\n\t\t\t\t<\/div>\n\t\t\t\t<div class=\"elementor-element elementor-element-4e99d70 elementor-widget lastudio-kit elementor-lakit-button\" data-id=\"4e99d70\" data-element_type=\"widget\" data-widget_type=\"lakit-button.default\">\n\t\t\t\t<div class=\"elementor-widget-container\">\n\t\t\t        <div class=\"elementor-button-wrapper\">\n            <a href=\"https:\/\/angry-meitner.83-169-39-68.plesk.page\/index.php\/kontakt-oss\/\" class=\"elementor-button-link elementor-button elementor-btn-align-icon- elementor-size-lg\" role=\"button\">\n                        <span class=\"elementor-button-content-wrapper\">\n\t\t\t\t\t\t<span class=\"elementor-button-text\">Kontakt oss<\/span>\n\t\t<\/span>\n                    <\/a>\n        <\/div>\n        \t\t<\/div>\n\t\t\t\t<\/div>\n\t\t\t\t\t<\/div>\n\t\t<\/div>\n\t\t\t\t\t\t\t<\/div>\n\t\t<\/section>\n\t\t\t\t\t\t\t<\/div>\n\t\t","protected":false},"excerpt":{"rendered":"<p>Vi gir Norge godsaker Om Godterihuset.no Godterihuset.no har som m\u00e5l \u00e5 ha de mest intresante og spennende produktene fra b\u00e5de [&hellip;]<\/p>\n","protected":false},"author":1,"featured_media":0,"parent":0,"menu_order":0,"comment_status":"closed","ping_status":"closed","template":"","meta":{"footnotes":""},"class_list":["post-1158","page","type-page","status-publish","hentry"],"yoast_head":"<!-- This site is optimized with the Yoast SEO plugin v20.5 - https:\/\/yoast.com\/wordpress\/plugins\/seo\/ -->\n<title>Om oss - Godterihuset.no<\/title>\n<meta name=\"robots\" content=\"noindex, follow, max-snippet:-1, max-image-preview:large, max-video-preview:-1\" \/>\n<meta property=\"og:locale\" content=\"nb_NO\" \/>\n<meta property=\"og:type\" content=\"article\" \/>\n<meta property=\"og:title\" content=\"Om oss - Godterihuset.no\" \/>\n<meta property=\"og:description\" content=\"Vi gir Norge godsaker Om Godterihuset.no Godterihuset.no har som m\u00e5l \u00e5 ha de mest intresante og spennende produktene fra b\u00e5de [&hellip;]\" \/>\n<meta property=\"og:url\" content=\"https:\/\/angry-meitner.83-169-39-68.plesk.page\/index.php\/om-oss\/\" \/>\n<meta property=\"og:site_name\" content=\"Godterihuset.no\" \/>\n<meta property=\"article:modified_time\" content=\"2023-04-07T17:29:05+00:00\" \/>\n<meta property=\"og:image\" content=\"https:\/\/angry-meitner.83-169-39-68.plesk.page\/wp-content\/uploads\/2023\/04\/1680847179269.jpg\" \/>\n<meta name=\"twitter:card\" content=\"summary_large_image\" \/>\n<meta name=\"twitter:label1\" content=\"Ansl. lesetid\" \/>\n\t<meta name=\"twitter:data1\" content=\"2 minutter\" \/>\n<script type=\"application\/ld+json\" class=\"yoast-schema-graph\">{\"@context\":\"https:\/\/schema.org\",\"@graph\":[{\"@type\":\"WebPage\",\"@id\":\"https:\/\/angry-meitner.83-169-39-68.plesk.page\/index.php\/om-oss\/\",\"url\":\"https:\/\/angry-meitner.83-169-39-68.plesk.page\/index.php\/om-oss\/\",\"name\":\"Om oss - Godterihuset.no\",\"isPartOf\":{\"@id\":\"https:\/\/angry-meitner.83-169-39-68.plesk.page\/#website\"},\"datePublished\":\"2021-08-12T19:43:34+00:00\",\"dateModified\":\"2023-04-07T17:29:05+00:00\",\"breadcrumb\":{\"@id\":\"https:\/\/angry-meitner.83-169-39-68.plesk.page\/index.php\/om-oss\/#breadcrumb\"},\"inLanguage\":\"nb-NO\",\"potentialAction\":[{\"@type\":\"ReadAction\",\"target\":[\"https:\/\/angry-meitner.83-169-39-68.plesk.page\/index.php\/om-oss\/\"]}]},{\"@type\":\"BreadcrumbList\",\"@id\":\"https:\/\/angry-meitner.83-169-39-68.plesk.page\/index.php\/om-oss\/#breadcrumb\",\"itemListElement\":[{\"@type\":\"ListItem\",\"position\":1,\"name\":\"Hjem\",\"item\":\"https:\/\/angry-meitner.83-169-39-68.plesk.page\/\"},{\"@type\":\"ListItem\",\"position\":2,\"name\":\"Om oss\"}]},{\"@type\":\"WebSite\",\"@id\":\"https:\/\/angry-meitner.83-169-39-68.plesk.page\/#website\",\"url\":\"https:\/\/angry-meitner.83-169-39-68.plesk.page\/\",\"name\":\"Godterihuset.no\",\"description\":\"\",\"potentialAction\":[{\"@type\":\"SearchAction\",\"target\":{\"@type\":\"EntryPoint\",\"urlTemplate\":\"https:\/\/angry-meitner.83-169-39-68.plesk.page\/?s={search_term_string}\"},\"query-input\":\"required name=search_term_string\"}],\"inLanguage\":\"nb-NO\"}]}<\/script>\n<!-- \/ Yoast SEO plugin. -->","yoast_head_json":{"title":"Om oss - Godterihuset.no","robots":{"index":"noindex","follow":"follow","max-snippet":"max-snippet:-1","max-image-preview":"max-image-preview:large","max-video-preview":"max-video-preview:-1"},"og_locale":"nb_NO","og_type":"article","og_title":"Om oss - Godterihuset.no","og_description":"Vi gir Norge godsaker Om Godterihuset.no Godterihuset.no har som m\u00e5l \u00e5 ha de mest intresante og spennende produktene fra b\u00e5de [&hellip;]","og_url":"https:\/\/angry-meitner.83-169-39-68.plesk.page\/index.php\/om-oss\/","og_site_name":"Godterihuset.no","article_modified_time":"2023-04-07T17:29:05+00:00","og_image":[{"url":"https:\/\/angry-meitner.83-169-39-68.plesk.page\/wp-content\/uploads\/2023\/04\/1680847179269.jpg"}],"twitter_card":"summary_large_image","twitter_misc":{"Ansl. lesetid":"2 minutter"},"schema":{"@context":"https:\/\/schema.org","@graph":[{"@type":"WebPage","@id":"https:\/\/angry-meitner.83-169-39-68.plesk.page\/index.php\/om-oss\/","url":"https:\/\/angry-meitner.83-169-39-68.plesk.page\/index.php\/om-oss\/","name":"Om oss - Godterihuset.no","isPartOf":{"@id":"https:\/\/angry-meitner.83-169-39-68.plesk.page\/#website"},"datePublished":"2021-08-12T19:43:34+00:00","dateModified":"2023-04-07T17:29:05+00:00","breadcrumb":{"@id":"https:\/\/angry-meitner.83-169-39-68.plesk.page\/index.php\/om-oss\/#breadcrumb"},"inLanguage":"nb-NO","potentialAction":[{"@type":"ReadAction","target":["https:\/\/angry-meitner.83-169-39-68.plesk.page\/index.php\/om-oss\/"]}]},{"@type":"BreadcrumbList","@id":"https:\/\/angry-meitner.83-169-39-68.plesk.page\/index.php\/om-oss\/#breadcrumb","itemListElement":[{"@type":"ListItem","position":1,"name":"Hjem","item":"https:\/\/angry-meitner.83-169-39-68.plesk.page\/"},{"@type":"ListItem","position":2,"name":"Om oss"}]},{"@type":"WebSite","@id":"https:\/\/angry-meitner.83-169-39-68.plesk.page\/#website","url":"https:\/\/angry-meitner.83-169-39-68.plesk.page\/","name":"Godterihuset.no","description":"","potentialAction":[{"@type":"SearchAction","target":{"@type":"EntryPoint","urlTemplate":"https:\/\/angry-meitner.83-169-39-68.plesk.page\/?s={search_term_string}"},"query-input":"required name=search_term_string"}],"inLanguage":"nb-NO"}]}},"_links":{"self":[{"href":"https:\/\/angry-meitner.83-169-39-68.plesk.page\/index.php\/wp-json\/wp\/v2\/pages\/1158","targetHints":{"allow":["GET"]}}],"collection":[{"href":"https:\/\/angry-meitner.83-169-39-68.plesk.page\/index.php\/wp-json\/wp\/v2\/pages"}],"about":[{"href":"https:\/\/angry-meitner.83-169-39-68.plesk.page\/index.php\/wp-json\/wp\/v2\/types\/page"}],"author":[{"embeddable":true,"href":"https:\/\/angry-meitner.83-169-39-68.plesk.page\/index.php\/wp-json\/wp\/v2\/users\/1"}],"replies":[{"embeddable":true,"href":"https:\/\/angry-meitner.83-169-39-68.plesk.page\/index.php\/wp-json\/wp\/v2\/comments?post=1158"}],"version-history":[{"count":300,"href":"https:\/\/angry-meitner.83-169-39-68.plesk.page\/index.php\/wp-json\/wp\/v2\/pages\/1158\/revisions"}],"predecessor-version":[{"id":6121,"href":"https:\/\/angry-meitner.83-169-39-68.plesk.page\/index.php\/wp-json\/wp\/v2\/pages\/1158\/revisions\/6121"}],"wp:attachment":[{"href":"https:\/\/angry-meitner.83-169-39-68.plesk.page\/index.php\/wp-json\/wp\/v2\/media?parent=1158"}],"curies":[{"name":"wp","href":"https:\/\/api.w.org\/{rel}","templated":true}]}}